{"id":235,"date":"2024-06-02T16:33:19","date_gmt":"2024-06-02T14:33:19","guid":{"rendered":"http:\/\/ianna.me\/proizvod\/spathiphyllum\/"},"modified":"2025-10-24T14:46:51","modified_gmt":"2025-10-24T12:46:51","slug":"bracelet-2","status":"publish","type":"product","link":"https:\/\/ianna.me\/cg\/proizvod\/bracelet-2\/","title":{"rendered":"Kaya"},"content":{"rendered":"<p>Prsten je izra\u0111en od visokokvalitetnog srebra, fino poliranog da sjaji poput ogledala. \u0160irina obru\u010da je elegantno zakrivljena i glatka, pru\u017eaju\u0107i udobnost pri no\u0161enju.<\/p>\n<p>U sredi\u0161tu prstena nalazi se prelijep ovalni dragi kamen &#8211; safir. Safir je duboke plave boje, sa laganim nijansama ljubi\u010daste koje se pojavljuju pod razli\u010ditim uglovima svjetlosti.<\/p>\n<p>Kamen je pri\u010dvr\u0161\u0107en u postavku sa \u010detiri zupca, koji su ne\u017eno oblikovani kako bi dodatno istakli ljepotu i sjaj safira. Oko safira, na obru\u010du prstena, nalazi se niz sitnih dijamanata koji blistaju i dodaju dodatni sjaj cjelokupnom izgledu prstena.<\/p>\n<p>Ovaj prsten je savr\u0161en spoj elegancije, luksuza i sofisticiranosti, idealan za posebne prilike ili kao simbol vje\u010dne ljubavi.<\/p>","protected":false},"excerpt":{"rendered":"<p>Prsten je izra\u0111en od visokokvalitetnog srebra, fino poliranog da sjaji poput ogledala. \u0160irina obru\u010da je elegantno zakrivljena i glatka, pru\u017eaju\u0107i udobnost pri no\u0161enju.<\/p>\n<p>U sredi\u0161tu prstena nalazi se prelijep ovalni dragi kamen &#8211; safir. Safir je duboke plave boje, sa laganim nijansama ljubi\u010daste koje se pojavljuju pod razli\u010ditim uglovima svjetlosti.<\/p>","protected":false},"featured_media":2116,"template":"","meta":{"site-sidebar-layout":"default","site-content-layout":"content-boxed-container","ast-site-content-layout":"normal-width-container","site-content-style":"boxed","site-sidebar-style":"unboxed","ast-global-header-display":"","ast-banner-title-visibility":"","ast-main-header-display":"","ast-hfb-above-header-display":"","ast-hfb-below-header-display":"","ast-hfb-mobile-header-display":"","site-post-title":"","ast-breadcrumbs-content":"","ast-featured-img":"","footer-sml-layout":"","theme-transparent-header-meta":"default","adv-header-id-meta":"","stick-header-meta":"","header-above-stick-meta":"","header-main-stick-meta":"","header-below-stick-meta":"","astra-migrate-meta-layouts":"set","ast-page-background-enabled":"default","ast-page-background-meta":{"desktop":{"background-color":"var(--ast-global-color-4)","background-image":"","background-repeat":"repeat","background-position":"center center","background-size":"auto","background-attachment":"scroll","background-type":"","background-media":"","overlay-type":"","overlay-color":"","overlay-opacity":"","overlay-gradient":""},"tablet":{"background-color":"","background-image":"","background-repeat":"repeat","background-position":"center center","background-size":"auto","background-attachment":"scroll","background-type":"","background-media":"","overlay-type":"","overlay-color":"","overlay-opacity":"","overlay-gradient":""},"mobile":{"background-color":"","background-image":"","background-repeat":"repeat","background-position":"center center","background-size":"auto","background-attachment":"scroll","background-type":"","background-media":"","overlay-type":"","overlay-color":"","overlay-opacity":"","overlay-gradient":""}},"ast-content-background-meta":{"desktop":{"background-color":"var(--ast-global-color-5)","background-image":"","background-repeat":"repeat","background-position":"center center","background-size":"auto","background-attachment":"scroll","background-type":"","background-media":"","overlay-type":"","overlay-color":"","overlay-opacity":"","overlay-gradient":""},"tablet":{"background-color":"var(--ast-global-color-5)","background-image":"","background-repeat":"repeat","background-position":"center center","background-size":"auto","background-attachment":"scroll","background-type":"","background-media":"","overlay-type":"","overlay-color":"","overlay-opacity":"","overlay-gradient":""},"mobile":{"background-color":"var(--ast-global-color-5)","background-image":"","background-repeat":"repeat","background-position":"center center","background-size":"auto","background-attachment":"scroll","background-type":"","background-media":"","overlay-type":"","overlay-color":"","overlay-opacity":"","overlay-gradient":""}}},"product_cat":[56],"product_tag":[],"class_list":{"0":"post-235","1":"product","2":"type-product","3":"status-publish","4":"has-post-thumbnail","6":"product_cat-necklace","7":"desktop-align-center","8":"tablet-align-center","9":"mobile-align-center","11":"first","12":"instock","13":"shipping-taxable","14":"purchasable","15":"product-type-simple"},"_links":{"self":[{"href":"https:\/\/ianna.me\/cg\/wp-json\/wp\/v2\/product\/235","targetHints":{"allow":["GET"]}}],"collection":[{"href":"https:\/\/ianna.me\/cg\/wp-json\/wp\/v2\/product"}],"about":[{"href":"https:\/\/ianna.me\/cg\/wp-json\/wp\/v2\/types\/product"}],"wp:featuredmedia":[{"embeddable":true,"href":"https:\/\/ianna.me\/cg\/wp-json\/wp\/v2\/media\/2116"}],"wp:attachment":[{"href":"https:\/\/ianna.me\/cg\/wp-json\/wp\/v2\/media?parent=235"}],"wp:term":[{"taxonomy":"product_cat","embeddable":true,"href":"https:\/\/ianna.me\/cg\/wp-json\/wp\/v2\/product_cat?post=235"},{"taxonomy":"product_tag","embeddable":true,"href":"https:\/\/ianna.me\/cg\/wp-json\/wp\/v2\/product_tag?post=235"}],"curies":[{"name":"wp","href":"https:\/\/api.w.org\/{rel}","templated":true}]}}